{"id":1844,"date":"2022-12-12T09:51:24","date_gmt":"2022-12-12T07:51:24","guid":{"rendered":"https:\/\/www.turbaliit.ee\/etl-30\/"},"modified":"2023-01-09T11:06:28","modified_gmt":"2023-01-09T09:06:28","slug":"etl-30","status":"publish","type":"page","link":"https:\/\/turbaliit.ee\/en\/etl-30\/","title":{"rendered":"30 Anniversary of the EPA"},"content":{"rendered":"<h2>Presentations of the 30 Anniversary Conference of the Estonian Peat Association<\/h2>\n<p>Please click on the topic to open the presentation slides in pdf format. Please note that presentations marked with (EST) are in estonian.<br \/>\nReproducing the presentations without the permission of it&#8217;s author is prohibited.<\/p>\n<ul style=\"list-style-type: circle;\">\n<li>Helli Toomsalu, Ernst &amp; Young &#8211; <a href=\"https:\/\/easyweb.ee\/turbaliit\/wp-content\/uploads\/2022\/12\/Helli-Toomsalu.pdf\" target=\"_blank\" rel=\"noopener noreferrer\">Contribution of the peat sector to the Estonian economy (EST)<\/a><\/li>\n<li>J\u00fcri Tiidermann, Eesti Turbaliit &#8211; <a href=\"https:\/\/easyweb.ee\/turbaliit\/wp-content\/uploads\/2022\/12\/J\u00fcri-Tiidermann.pdf\" target=\"_blank\" rel=\"noopener noreferrer\">The peat industry in a changing world (EST)<\/a><\/li>\n<li>Harri Tiido, erudiplomaat &#8211; <a href=\"https:\/\/easyweb.ee\/turbaliit\/wp-content\/uploads\/2022\/12\/Harri-Tiido_ettekande-kokkuv\u00f5te_ETL30.pdf\">Climate change, migration, food security, politics &#8211; is it a perfect storm? (EST)<\/a><\/li>\n<li><span class=\"color_15\">Ilze Ozola, Latvian National Peat Society &#8211; <a href=\"https:\/\/easyweb.ee\/turbaliit\/wp-content\/uploads\/2022\/12\/Ilze-Ozola.pdf\" target=\"_blank\" rel=\"noopener noreferrer\">When the production site runs out (ENG)<\/a><\/span><\/li>\n<li><span class=\"color_15\">Professor Alar Konist, Tallinna \u00dclikool &#8211; <a href=\"https:\/\/easyweb.ee\/turbaliit\/wp-content\/uploads\/2022\/12\/Alar-Konist.pdf\" target=\"_blank\" rel=\"noopener noreferrer\">The perspective and profitability of CO2 capture technologies (EST)<\/a><\/span><\/li>\n<li><span class=\"color_15\">Peeter Koppel, SEB Pank &#8211; <a href=\"https:\/\/easyweb.ee\/turbaliit\/wp-content\/uploads\/2022\/12\/Peeter-Koppel.pdf\" target=\"_blank\" rel=\"noopener noreferrer\">Using the word &#8220;economic growth&#8221; in a limited resources situation &#8211; is it like cursing? (EST)<\/a><\/span><\/li>\n<li><span class=\"color_15\">Professor Kalle Kirsim\u00e4e, Tartu \u00dclikool &#8211; <a href=\"https:\/\/easyweb.ee\/turbaliit\/wp-content\/uploads\/2022\/12\/Kalle-Kirsim\u00e4e.pdf\" target=\"_blank\" rel=\"noopener noreferrer\">On what resources do we build up our future world? (EST)<\/a><\/span><\/li>\n<li><span class=\"color_15\">Heido Vitsur, LHV Pank &#8211; <a href=\"https:\/\/easyweb.ee\/turbaliit\/wp-content\/uploads\/2022\/12\/Heido-Vitsur.pdf\" target=\"_blank\" rel=\"noopener noreferrer\">About renewable energy without the illusion (EST)<\/a><\/span><\/li>\n<li><span class=\"color_15\">Sami Tulonen, Aula Europe &#8211; <a href=\"https:\/\/easyweb.ee\/turbaliit\/wp-content\/uploads\/2022\/12\/Sami-Tulonen.pdf\" target=\"_blank\" rel=\"noopener noreferrer\">Developments in Brussels (ENG)<\/a><\/span><\/li>\n<\/ul>\n<p>&nbsp;<\/p>\n<h4><strong><a href=\"https:\/\/easyweb.ee\/turbaliit\/etl-30-galerii\/\">Click here for the photo gallery<\/a><\/strong><\/h4>\n","protected":false},"excerpt":{"rendered":"<p>Presentations of the 30 Anniversary Conference of the Estonian Peat Association Please click on the topic to open the presentation slides in pdf format. Please note that presentations marked with (EST) are in estonian. Reproducing the presentations without the permission of it&#8217;s author is prohibited. Helli Toomsalu, Ernst &amp; Young &#8211; Contribution of the peat [&hellip;]<\/p>\n","protected":false},"author":4,"featured_media":0,"parent":0,"menu_order":0,"comment_status":"closed","ping_status":"closed","template":"","meta":{"_acf_changed":false,"footnotes":""},"class_list":["post-1844","page","type-page","status-publish","hentry"],"acf":[],"yoast_head":"<!-- This site is optimized with the Yoast SEO plugin v27.3 - https:\/\/yoast.com\/product\/yoast-seo-wordpress\/ -->\n<title>30 Anniversary of the EPA - Turbaliit<\/title>\n<meta name=\"description\" content=\"Eesti Turbaliit t\u00e4histas 1. detsembril 2022 organisatsiooni 30. aastap\u00e4eva t\u00e4itumist Radisson Collection Hotell Tallinnas.\" \/>\n<meta name=\"robots\" content=\"index, follow, max-snippet:-1, max-image-preview:large, max-video-preview:-1\" \/>\n<link rel=\"canonical\" href=\"https:\/\/turbaliit.ee\/en\/etl-30\/\" \/>\n<meta property=\"og:locale\" content=\"en_US\" \/>\n<meta property=\"og:type\" content=\"article\" \/>\n<meta property=\"og:title\" content=\"30 Anniversary of the EPA - Turbaliit\" \/>\n<meta property=\"og:description\" content=\"Eesti Turbaliit t\u00e4histas 1. detsembril 2022 organisatsiooni 30. aastap\u00e4eva t\u00e4itumist Radisson Collection Hotell Tallinnas.\" \/>\n<meta property=\"og:url\" content=\"https:\/\/turbaliit.ee\/en\/etl-30\/\" \/>\n<meta property=\"og:site_name\" content=\"Turbaliit\" \/>\n<meta property=\"article:modified_time\" content=\"2023-01-09T09:06:28+00:00\" \/>\n<meta name=\"twitter:label1\" content=\"Est. reading time\" \/>\n\t<meta name=\"twitter:data1\" content=\"1 minute\" \/>\n<script type=\"application\/ld+json\" class=\"yoast-schema-graph\">{\"@context\":\"https:\\\/\\\/schema.org\",\"@graph\":[{\"@type\":\"WebPage\",\"@id\":\"https:\\\/\\\/turbaliit.ee\\\/en\\\/etl-30\\\/\",\"url\":\"https:\\\/\\\/turbaliit.ee\\\/en\\\/etl-30\\\/\",\"name\":\"30 Anniversary of the EPA - Turbaliit\",\"isPartOf\":{\"@id\":\"https:\\\/\\\/turbaliit.ee\\\/en\\\/#website\"},\"datePublished\":\"2022-12-12T07:51:24+00:00\",\"dateModified\":\"2023-01-09T09:06:28+00:00\",\"description\":\"Eesti Turbaliit t\u00e4histas 1. detsembril 2022 organisatsiooni 30. aastap\u00e4eva t\u00e4itumist Radisson Collection Hotell Tallinnas.\",\"breadcrumb\":{\"@id\":\"https:\\\/\\\/turbaliit.ee\\\/en\\\/etl-30\\\/#breadcrumb\"},\"inLanguage\":\"en-US\",\"potentialAction\":[{\"@type\":\"ReadAction\",\"target\":[\"https:\\\/\\\/turbaliit.ee\\\/en\\\/etl-30\\\/\"]}]},{\"@type\":\"BreadcrumbList\",\"@id\":\"https:\\\/\\\/turbaliit.ee\\\/en\\\/etl-30\\\/#breadcrumb\",\"itemListElement\":[{\"@type\":\"ListItem\",\"position\":1,\"name\":\"Home\",\"item\":\"https:\\\/\\\/turbaliit.ee\\\/en\\\/\"},{\"@type\":\"ListItem\",\"position\":2,\"name\":\"30 Anniversary of the EPA\"}]},{\"@type\":\"WebSite\",\"@id\":\"https:\\\/\\\/turbaliit.ee\\\/en\\\/#website\",\"url\":\"https:\\\/\\\/turbaliit.ee\\\/en\\\/\",\"name\":\"Turbaliit\",\"description\":\"\",\"potentialAction\":[{\"@type\":\"SearchAction\",\"target\":{\"@type\":\"EntryPoint\",\"urlTemplate\":\"https:\\\/\\\/turbaliit.ee\\\/en\\\/?s={search_term_string}\"},\"query-input\":{\"@type\":\"PropertyValueSpecification\",\"valueRequired\":true,\"valueName\":\"search_term_string\"}}],\"inLanguage\":\"en-US\"}]}<\/script>\n<!-- \/ Yoast SEO plugin. -->","yoast_head_json":{"title":"30 Anniversary of the EPA - Turbaliit","description":"Eesti Turbaliit t\u00e4histas 1. detsembril 2022 organisatsiooni 30. aastap\u00e4eva t\u00e4itumist Radisson Collection Hotell Tallinnas.","robots":{"index":"index","follow":"follow","max-snippet":"max-snippet:-1","max-image-preview":"max-image-preview:large","max-video-preview":"max-video-preview:-1"},"canonical":"https:\/\/turbaliit.ee\/en\/etl-30\/","og_locale":"en_US","og_type":"article","og_title":"30 Anniversary of the EPA - Turbaliit","og_description":"Eesti Turbaliit t\u00e4histas 1. detsembril 2022 organisatsiooni 30. aastap\u00e4eva t\u00e4itumist Radisson Collection Hotell Tallinnas.","og_url":"https:\/\/turbaliit.ee\/en\/etl-30\/","og_site_name":"Turbaliit","article_modified_time":"2023-01-09T09:06:28+00:00","twitter_misc":{"Est. reading time":"1 minute"},"schema":{"@context":"https:\/\/schema.org","@graph":[{"@type":"WebPage","@id":"https:\/\/turbaliit.ee\/en\/etl-30\/","url":"https:\/\/turbaliit.ee\/en\/etl-30\/","name":"30 Anniversary of the EPA - Turbaliit","isPartOf":{"@id":"https:\/\/turbaliit.ee\/en\/#website"},"datePublished":"2022-12-12T07:51:24+00:00","dateModified":"2023-01-09T09:06:28+00:00","description":"Eesti Turbaliit t\u00e4histas 1. detsembril 2022 organisatsiooni 30. aastap\u00e4eva t\u00e4itumist Radisson Collection Hotell Tallinnas.","breadcrumb":{"@id":"https:\/\/turbaliit.ee\/en\/etl-30\/#breadcrumb"},"inLanguage":"en-US","potentialAction":[{"@type":"ReadAction","target":["https:\/\/turbaliit.ee\/en\/etl-30\/"]}]},{"@type":"BreadcrumbList","@id":"https:\/\/turbaliit.ee\/en\/etl-30\/#breadcrumb","itemListElement":[{"@type":"ListItem","position":1,"name":"Home","item":"https:\/\/turbaliit.ee\/en\/"},{"@type":"ListItem","position":2,"name":"30 Anniversary of the EPA"}]},{"@type":"WebSite","@id":"https:\/\/turbaliit.ee\/en\/#website","url":"https:\/\/turbaliit.ee\/en\/","name":"Turbaliit","description":"","potentialAction":[{"@type":"SearchAction","target":{"@type":"EntryPoint","urlTemplate":"https:\/\/turbaliit.ee\/en\/?s={search_term_string}"},"query-input":{"@type":"PropertyValueSpecification","valueRequired":true,"valueName":"search_term_string"}}],"inLanguage":"en-US"}]}},"_links":{"self":[{"href":"https:\/\/turbaliit.ee\/en\/wp-json\/wp\/v2\/pages\/1844","targetHints":{"allow":["GET"]}}],"collection":[{"href":"https:\/\/turbaliit.ee\/en\/wp-json\/wp\/v2\/pages"}],"about":[{"href":"https:\/\/turbaliit.ee\/en\/wp-json\/wp\/v2\/types\/page"}],"author":[{"embeddable":true,"href":"https:\/\/turbaliit.ee\/en\/wp-json\/wp\/v2\/users\/4"}],"replies":[{"embeddable":true,"href":"https:\/\/turbaliit.ee\/en\/wp-json\/wp\/v2\/comments?post=1844"}],"version-history":[{"count":8,"href":"https:\/\/turbaliit.ee\/en\/wp-json\/wp\/v2\/pages\/1844\/revisions"}],"predecessor-version":[{"id":1868,"href":"https:\/\/turbaliit.ee\/en\/wp-json\/wp\/v2\/pages\/1844\/revisions\/1868"}],"wp:attachment":[{"href":"https:\/\/turbaliit.ee\/en\/wp-json\/wp\/v2\/media?parent=1844"}],"curies":[{"name":"wp","href":"https:\/\/api.w.org\/{rel}","templated":true}]}}